{"id":840,"date":"2022-03-09T15:34:21","date_gmt":"2022-03-09T20:34:21","guid":{"rendered":"https:\/\/www.kenova.ca\/a-propos\/"},"modified":"2025-03-06T15:49:21","modified_gmt":"2025-03-06T20:49:21","slug":"about","status":"publish","type":"page","link":"https:\/\/www.kenova.ca\/en\/about\/","title":{"rendered":"About us"},"content":{"rendered":"\n<section id=\"hero-block_fb4c2c82f50c2b75225815174734fa35\" class=\"block block-hero\" >\n    <div class=\"container\">\n        <div class=\"content stack\" data-sal=\"slide-right\" data-sal-duration=\"900\">\n            \n\n<h1 class=\"wp-block-heading\">Kenova: your recruitment agency in finance and accounting<\/h1>\n\n\n\n<div class=\"wp-block-button\"><a class=\"wp-block-button__link wp-element-button\" href=\"https:\/\/www.kenova.ca\/en\/contact-us\/\">Contact us<\/a><\/div>\n\n\n        <\/div>\n    <\/div>\n    <div class=\"bg\">\n        <img decoding=\"async\" data-sal=\"fade\" data-sal-duration=\"600\" src=\"https:\/\/www.kenova.ca\/app\/uploads\/2022\/04\/bg-01.jpg\" alt >\n    <\/div>\n<\/section>\n\n\n<h2 class=\"wp-block-heading\">Driven by a desire to transform recruiting in finance and accounting, Kenova ensures companies and candidates the success and fulfillment they deserve.<\/h2>\n\n\n\n<h3 class=\"wp-block-heading\">Our team of talent scouting specialists is committed with humanity, creativity and method to help each professional find a fulfilling career allowing them to realize their full potential over the long term.<\/h3>\n\n\n\n<section id=\"about-mission-block_340d5c90d48ac8da47903a5156661656\" class=\"block block-about-mission\">\n    <div class=\"container\">\n        <div class=\"content stack\">\n            \n\n<h2 class=\"wp-block-heading\">Organize human encounters made to last<\/h2>\n\n\n\n<h3 class=\"wp-block-heading\"><\/h3>\n\n\n\n<p>Kenova&#8217;s primary mission is to organize lasting alliances between talent and employers. Our team of experts smells the potential upstream to create meetings that meet the needs and aspirations of both companies and candidates. <\/p>\n\n\n\n<p>Pour nous, les comp\u00e9tences ne sont que la base, ce qui compte r\u00e9ellement, c\u2019est l\u2019humain !<\/p>\n\n\n\n<p>Notre vision ? Permettre aux entrepreneurs de prosp\u00e9rer et participer \u00e0 l\u2019\u00e9panouissement professionnel des talents dans cette industrie dynamique qu\u2019est celle de la comptabilit\u00e9 et de la finance.<\/p>\n\n\n\n<div class=\"wp-block-buttons is-layout-flex wp-block-buttons-is-layout-flex\">\n<div class=\"wp-block-button\"><a class=\"wp-block-button__link wp-element-button\" href=\"https:\/\/www.kenova.ca\/en\/contact-us\/\">Contact us<\/a><\/div>\n<\/div>\n\n\n        <\/div>\n        <div class=\"image\">\n                                <\/div>\n    <\/div>\n<\/section>\n\n\n<section id=\"about-valeurs-block_91dab10a3542f7a0ccc874e13fc4415c\" class=\"block block-about-valeurs\" style=\"background-image: url('https:\/\/www.kenova.ca\/app\/uploads\/2022\/04\/Kenova-683-1.jpg');\">\n    <div class=\"container\">\n        <div class=\"cols\">\n            <div class=\"col\">\n\n                <div class=\"col\">\n<h2>Nos valeurs<\/h2>\n<h3>G\u00e9n\u00e9rosit\u00e9<\/h3>\n<p><span style=\"font-weight: 400\">L\u2019\u00e9quipe Kenova s&#8217;investie avec passion<\/span><span style=\"font-weight: 400\">\u00a0pour cr\u00e9er des rencontres uniques et durables.<\/span><\/p>\n<p>Pour nous, un poste vacant est un besoin r\u00e9el \u00e0 combler. Les candidats rencontr\u00e9s sont des humains importants \u00e0 guider.<\/p>\n<p>Kenova rassemble des sp\u00e9cialistes qui sont pr\u00eats \u00e0 donner le temps qu\u2019il faut et \u00e0 mettre l\u2019\u00e9nergie n\u00e9cessaire pour faire une r\u00e9elle diff\u00e9rence dans la vie de ses collaborateurs.<\/p>\n<h3>Transparence<\/h3>\n<p><span style=\"font-weight: 400\">Kenova agit en tout temps avec int\u00e9grit\u00e9, \u00e9thique et transparence, m\u00eame si ce n&#8217;est pas toujours le choix de la facilit\u00e9. Notre but est de cr\u00e9er des relations humaines dans lesquelles la confiance est absolue. <\/span>Pour nous, tout se dit avec honn\u00eatet\u00e9 lorsque r\u00e8gne la bienveillance et le respect.<\/p>\n<h3>Durabilit\u00e9<\/h3>\n<p>Au-del\u00e0 des besoins imm\u00e9diats, nous nous assurons de trouver de v\u00e9ritables solutions.\u00a0Notre travail sert \u00e0 planifier et anticiper la croissance de nos clients sur le long terme, \u00e0 projeter la carri\u00e8re de nos candidats au-del\u00e0 du poste propos\u00e9, et surtout \u00e0 b\u00e2tir des relations durables avec tous nos collaborateurs.<\/p>\n<\/div>\n<div class=\"col\"><\/div>\n                \n            <\/div>\n            <div class=\"col\">\n\n                <h2>Nos piliers<\/h2>\n<h3 style=\"font-size: 1.5em\">\u00c9coute<\/h3>\n<p>&nbsp;<\/p>\n<h3 style=\"font-size: 1.5em\">Synergie<\/h3>\n<p>&nbsp;<\/p>\n<h3 style=\"font-size: 1.5em\">Solutions<\/h3>\n<p>&nbsp;<\/p>\n<h3 style=\"font-size: 1.5em\">Potentiel<\/h3>\n<p>&nbsp;<\/p>\n\n            <\/div>\n        <\/div>\n    <\/div>\n<\/section>\n\n\n<section id=\"about-certifications-block_4b31a0ae6be35c5e23aa45fced0e9412\" class=\"block-about-certifications\">\n    <div class=\"container\">\n        <div class=\"image\">\n                            <img decoding=\"async\" src=\"https:\/\/www.kenova.ca\/app\/uploads\/2022\/04\/Kenova-683.jpg\" alt=\"\" \/>\n                    <\/div>\n        \n        <div class=\"stack\">\n            \n\n<h2 class=\"wp-block-heading\">Our certificates<\/h2>\n\n\n\n<h3 class=\"wp-block-heading\">To ensure that you have the best advice<\/h3>\n\n\n\n<p><\/p>\n\n\n\n<p>Kenova values warm professional relationships and is committed to providing its employees with a work environment where well-being and recognition reign. <\/p>\n\n\n\n<p><br>Our certification tools allow us to improve on a daily basis in order to accompany our clients and candidates with rigor and kindness in their approach.<\/p>\n\n\n        <\/div>\n\n        <div class=\"certifications-logo\">\n                        \n                <div class=\"logo\">\n                                                                <a href=\"https:\/\/bonboss.ca\/bonboss\/marie-eve-cloutier\/\" target=\"_blank\"><img decoding=\"async\" src=\"https:\/\/www.kenova.ca\/app\/uploads\/2022\/03\/logo-bonboss.png\" alt=\"\" \/><\/a>\n                                    <\/div>\n\n                        \n                <div class=\"logo\">\n                                                                <a href=\"https:\/\/persolog.com\/\" target=\"_blank\"><img decoding=\"async\" src=\"https:\/\/www.kenova.ca\/app\/uploads\/2022\/04\/kenova-disc-persolog-certifie-small.jpg\" alt=\"\" \/><\/a>\n                                    <\/div>\n\n                    <\/div>\n            <\/div>\n<\/section>\n\n\n<section id=\"about-inclusion-block_49d3f7f599e7f99d223991b7efad43bf\" class=\"block block-about-inclusion\" style=\"background-image: url('https:\/\/www.kenova.ca\/app\/uploads\/2022\/04\/Kenova-276-website-1.jpg');\">\n    <div class=\"container\">\n        <div class=\"content stack\">\n            \n\n<h2 class=\"wp-block-heading\">Respect for diversity<\/h2>\n\n\n\n<h3 class=\"wp-block-heading\"><strong>Promoting an inclusive approach<\/strong><\/h3>\n\n\n\n<p>Humaine et bienveillante, l\u2019\u00e9quipe de Kenova s\u2019assure de mettre en place un environnement respectueux, sain et \u00e9galitaire en misant sur des d\u00e9marches d\u2019ouverture, d\u2019inclusion et d\u2019acceptation dans toutes les sph\u00e8res de son accompagnement en recrutement. Notre \u00e9quipe en est l&#8217;exemple m\u00eame. Nous sommes fiers d&#8217;avoir une \u00e9quipe qui rassemble diversit\u00e9 et compl\u00e9mentarit\u00e9 tr\u00e8s propices \u00e0 un milieu riche en apprentissage !<\/p>\n\n\n        <\/div>\n        <div class=\"image\">\n                            <img decoding=\"async\" src=\"https:\/\/www.kenova.ca\/app\/uploads\/2022\/04\/Kenova-276-website.jpg\" alt=\"\" \/>\n                    <\/div>\n    <\/div>\n<\/section>\n\n\n<section id=\"cta-block_7184fe7bfc38b3511e83d7ba6b24c28c\" class=\"block block-cta\" style=\"background-image: url('https:\/\/www.kenova.ca\/app\/uploads\/2022\/03\/about-cta.jpg')\">\n    <div class=\"container\">\n        <div class=\"content stack\" data-sal=\"slide-right\" data-sal-duration=\"900\">\n            \n\n<h1 class=\"wp-block-heading\">Join a passionate and innovative team<\/h1>\n\n\n\n<h3 class=\"wp-block-heading\">Participate in the renewal of recruitment with us<\/h3>\n\n\n\n<p>Travailler avec nous, c\u2019est rejoindre une \u00e9quipe ambitieuse, d\u00e9vou\u00e9e, honn\u00eate et empathique qui s\u2019assure de garantir aux entreprises, comme aux candidats, un succ\u00e8s professionnel p\u00e9renne ! <\/p>\n\n\n\n<p>At Kenova, there is room to flourish, to create and develop. We carefully value collaboration in synergy as well as all contributions according to strengths and interests.<\/p>\n\n\n\n<p>Joins-toi \u00e0 notre firme et participe \u00e0 cr\u00e9er des rencontres significatives et durables !&nbsp;&nbsp;<\/p>\n\n\n\n<div class=\"wp-block-button lightbox-apply-link\"><a class=\"wp-block-button__link wp-element-button\" href=\"#spontaneous-job\">Submit my Spontaneous Application<\/a><\/div>\n\n\n        <\/div>\n    <\/div>\n<\/section>","protected":false},"excerpt":{"rendered":"<p>Driven by a desire to transform recruiting in finance and accounting, Kenova ensures companies and&#8230;<\/p>\n","protected":false},"author":1,"featured_media":0,"parent":0,"menu_order":29,"comment_status":"closed","ping_status":"closed","template":"","meta":{"_acf_changed":false,"footnotes":""},"class_list":["post-840","page","type-page","status-publish","hentry"],"acf":[],"yoast_head":"<!-- This site is optimized with the Yoast SEO plugin v25.8 - https:\/\/yoast.com\/wordpress\/plugins\/seo\/ -->\n<title>About us\uff5cFinance and accounting recruitment agency\uff5cKenova<\/title>\n<meta name=\"description\" content=\"Our team of expert headhunters specialize in the recruitment of accounting and finance candidates at all levels and industries. Kenova, your recruitment partner\" \/>\n<meta name=\"robots\" content=\"index, follow, max-snippet:-1, max-image-preview:large, max-video-preview:-1\" \/>\n<link rel=\"canonical\" href=\"https:\/\/www.kenova.ca\/en\/about\/\" \/>\n<meta property=\"og:locale\" content=\"en_US\" \/>\n<meta property=\"og:type\" content=\"article\" \/>\n<meta property=\"og:title\" content=\"About us\uff5cFinance and accounting recruitment agency\uff5cKenova\" \/>\n<meta property=\"og:description\" content=\"Our team of expert headhunters specialize in the recruitment of accounting and finance candidates at all levels and industries. Kenova, your recruitment partner\" \/>\n<meta property=\"og:url\" content=\"https:\/\/www.kenova.ca\/en\/about\/\" \/>\n<meta property=\"og:site_name\" content=\"KENOVA\" \/>\n<meta property=\"article:publisher\" content=\"https:\/\/www.facebook.com\/kenovarecrutementhumain\" \/>\n<meta property=\"article:modified_time\" content=\"2025-03-06T20:49:21+00:00\" \/>\n<meta property=\"og:image\" content=\"https:\/\/www.kenova.ca\/app\/uploads\/2022\/03\/kenova-partage-rs-1200x630-1.jpg\" \/>\n\t<meta property=\"og:image:width\" content=\"1200\" \/>\n\t<meta property=\"og:image:height\" content=\"630\" \/>\n\t<meta property=\"og:image:type\" content=\"image\/jpeg\" \/>\n<meta name=\"twitter:card\" content=\"summary_large_image\" \/>\n<meta name=\"twitter:label1\" content=\"Est. reading time\" \/>\n\t<meta name=\"twitter:data1\" content=\"2 minutes\" \/>\n<script type=\"application\/ld+json\" class=\"yoast-schema-graph\">{\"@context\":\"https:\/\/schema.org\",\"@graph\":[{\"@type\":\"WebPage\",\"@id\":\"https:\/\/www.kenova.ca\/en\/about\/\",\"url\":\"https:\/\/www.kenova.ca\/en\/about\/\",\"name\":\"About us\uff5cFinance and accounting recruitment agency\uff5cKenova\",\"isPartOf\":{\"@id\":\"https:\/\/www.kenova.ca\/en\/#website\"},\"datePublished\":\"2022-03-09T20:34:21+00:00\",\"dateModified\":\"2025-03-06T20:49:21+00:00\",\"description\":\"Our team of expert headhunters specialize in the recruitment of accounting and finance candidates at all levels and industries. Kenova, your recruitment partner\",\"breadcrumb\":{\"@id\":\"https:\/\/www.kenova.ca\/en\/about\/#breadcrumb\"},\"inLanguage\":\"en-US\",\"potentialAction\":[{\"@type\":\"ReadAction\",\"target\":[\"https:\/\/www.kenova.ca\/en\/about\/\"]}]},{\"@type\":\"BreadcrumbList\",\"@id\":\"https:\/\/www.kenova.ca\/en\/about\/#breadcrumb\",\"itemListElement\":[{\"@type\":\"ListItem\",\"position\":1,\"name\":\"Home\",\"item\":\"https:\/\/www.kenova.ca\/en\/\"},{\"@type\":\"ListItem\",\"position\":2,\"name\":\"About us\"}]},{\"@type\":\"WebSite\",\"@id\":\"https:\/\/www.kenova.ca\/en\/#website\",\"url\":\"https:\/\/www.kenova.ca\/en\/\",\"name\":\"KENOVA\",\"description\":\"Human Recruitment in Accounting &amp; Finance\",\"potentialAction\":[{\"@type\":\"SearchAction\",\"target\":{\"@type\":\"EntryPoint\",\"urlTemplate\":\"https:\/\/www.kenova.ca\/en\/?s={search_term_string}\"},\"query-input\":{\"@type\":\"PropertyValueSpecification\",\"valueRequired\":true,\"valueName\":\"search_term_string\"}}],\"inLanguage\":\"en-US\"}]}<\/script>\n<!-- \/ Yoast SEO plugin. -->","yoast_head_json":{"title":"About us\uff5cFinance and accounting recruitment agency\uff5cKenova","description":"Our team of expert headhunters specialize in the recruitment of accounting and finance candidates at all levels and industries. Kenova, your recruitment partner","robots":{"index":"index","follow":"follow","max-snippet":"max-snippet:-1","max-image-preview":"max-image-preview:large","max-video-preview":"max-video-preview:-1"},"canonical":"https:\/\/www.kenova.ca\/en\/about\/","og_locale":"en_US","og_type":"article","og_title":"About us\uff5cFinance and accounting recruitment agency\uff5cKenova","og_description":"Our team of expert headhunters specialize in the recruitment of accounting and finance candidates at all levels and industries. Kenova, your recruitment partner","og_url":"https:\/\/www.kenova.ca\/en\/about\/","og_site_name":"KENOVA","article_publisher":"https:\/\/www.facebook.com\/kenovarecrutementhumain","article_modified_time":"2025-03-06T20:49:21+00:00","og_image":[{"width":1200,"height":630,"url":"https:\/\/www.kenova.ca\/app\/uploads\/2022\/03\/kenova-partage-rs-1200x630-1.jpg","type":"image\/jpeg"}],"twitter_card":"summary_large_image","twitter_misc":{"Est. reading time":"2 minutes"},"schema":{"@context":"https:\/\/schema.org","@graph":[{"@type":"WebPage","@id":"https:\/\/www.kenova.ca\/en\/about\/","url":"https:\/\/www.kenova.ca\/en\/about\/","name":"About us\uff5cFinance and accounting recruitment agency\uff5cKenova","isPartOf":{"@id":"https:\/\/www.kenova.ca\/en\/#website"},"datePublished":"2022-03-09T20:34:21+00:00","dateModified":"2025-03-06T20:49:21+00:00","description":"Our team of expert headhunters specialize in the recruitment of accounting and finance candidates at all levels and industries. Kenova, your recruitment partner","breadcrumb":{"@id":"https:\/\/www.kenova.ca\/en\/about\/#breadcrumb"},"inLanguage":"en-US","potentialAction":[{"@type":"ReadAction","target":["https:\/\/www.kenova.ca\/en\/about\/"]}]},{"@type":"BreadcrumbList","@id":"https:\/\/www.kenova.ca\/en\/about\/#breadcrumb","itemListElement":[{"@type":"ListItem","position":1,"name":"Home","item":"https:\/\/www.kenova.ca\/en\/"},{"@type":"ListItem","position":2,"name":"About us"}]},{"@type":"WebSite","@id":"https:\/\/www.kenova.ca\/en\/#website","url":"https:\/\/www.kenova.ca\/en\/","name":"KENOVA","description":"Human Recruitment in Accounting &amp; Finance","potentialAction":[{"@type":"SearchAction","target":{"@type":"EntryPoint","urlTemplate":"https:\/\/www.kenova.ca\/en\/?s={search_term_string}"},"query-input":{"@type":"PropertyValueSpecification","valueRequired":true,"valueName":"search_term_string"}}],"inLanguage":"en-US"}]}},"_links":{"self":[{"href":"https:\/\/www.kenova.ca\/en\/wp-json\/wp\/v2\/pages\/840","targetHints":{"allow":["GET"]}}],"collection":[{"href":"https:\/\/www.kenova.ca\/en\/wp-json\/wp\/v2\/pages"}],"about":[{"href":"https:\/\/www.kenova.ca\/en\/wp-json\/wp\/v2\/types\/page"}],"author":[{"embeddable":true,"href":"https:\/\/www.kenova.ca\/en\/wp-json\/wp\/v2\/users\/1"}],"replies":[{"embeddable":true,"href":"https:\/\/www.kenova.ca\/en\/wp-json\/wp\/v2\/comments?post=840"}],"version-history":[{"count":83,"href":"https:\/\/www.kenova.ca\/en\/wp-json\/wp\/v2\/pages\/840\/revisions"}],"predecessor-version":[{"id":11150,"href":"https:\/\/www.kenova.ca\/en\/wp-json\/wp\/v2\/pages\/840\/revisions\/11150"}],"wp:attachment":[{"href":"https:\/\/www.kenova.ca\/en\/wp-json\/wp\/v2\/media?parent=840"}],"curies":[{"name":"wp","href":"https:\/\/api.w.org\/{rel}","templated":true}]}}